{"id":704,"date":"2024-04-09T10:00:33","date_gmt":"2024-04-09T16:00:33","guid":{"rendered":"https:\/\/www.smartpyme.sv\/?page_id=704"},"modified":"2024-08-14T16:47:37","modified_gmt":"2024-08-14T22:47:37","slug":"solicita-una-demo","status":"publish","type":"page","link":"https:\/\/www.smartpyme.app\/en\/solicita-una-demo\/","title":{"rendered":"Solicita una demo"},"content":{"rendered":"<p>[et_pb_section fb_built=\u00bb1&#8243; _builder_version=\u00bb4.24.2&#8243; _module_preset=\u00bbdefault\u00bb use_background_color_gradient=\u00bbon\u00bb background_color_gradient_type=\u00bbelliptical\u00bb background_color_gradient_stops=\u00bb#2e98ea 0%|#0d2a63 100%\u00bb global_colors_info=\u00bb{}\u00bb][et_pb_row _builder_version=\u00bb4.24.2&#8243; _module_preset=\u00bbdefault\u00bb max_width=\u00bb80%\u00bb global_colors_info=\u00bb{}\u00bb][et_pb_column type=\u00bb4_4&#8243; _builder_version=\u00bb4.24.2&#8243; _module_preset=\u00bbdefault\u00bb global_colors_info=\u00bb{}\u00bb][et_pb_code _builder_version=\u00bb4.24.2&#8243; _module_preset=\u00bbdefault\u00bb global_colors_info=\u00bb{}\u00bb]<!-- Principio del widget integrado de Calendly --><!-- [et_pb_line_break_holder] --><\/p>\n<div class=\"calendly-inline-widget\" data-url=\"https:\/\/calendly.com\/smartpyme\/30min\" style=\"min-width:320px;height:700px;\"><\/div>\n<p><!-- [et_pb_line_break_holder] --><script type=\"text\/javascript\" src=\"https:\/\/assets.calendly.com\/assets\/external\/widget.js\" async><\/script><!-- [et_pb_line_break_holder] --><!-- Final del widget integrado de Calendly -->[\/et_pb_code][\/et_pb_column][\/et_pb_row][\/et_pb_section]<\/p>","protected":false},"excerpt":{"rendered":"","protected":false},"author":4,"featured_media":0,"parent":0,"menu_order":0,"comment_status":"closed","ping_status":"closed","template":"","meta":{"_et_pb_use_builder":"on","_et_pb_old_content":"","_et_gb_content_width":"","_joinchat":[],"footnotes":""},"class_list":["post-704","page","type-page","status-publish","hentry"],"yoast_head":"<!-- This site is optimized with the Yoast SEO plugin v23.3 - https:\/\/yoast.com\/wordpress\/plugins\/seo\/ -->\n<title>Solicita una demo - SmartPyme<\/title>\n<meta name=\"description\" content=\"Esta reuni\u00f3n es para conocer m\u00e1s de tu negocio y de lo que Smartpyme puede hacer por ti. Esta reuni\u00f3n durar\u00e1 15-30 minutos.\" \/>\n<meta name=\"robots\" content=\"index, follow, max-snippet:-1, max-image-preview:large, max-video-preview:-1\" \/>\n<link rel=\"canonical\" href=\"https:\/\/www.smartpyme.app\/en\/solicita-una-demo\/\" \/>\n<meta property=\"og:locale\" content=\"en_US\" \/>\n<meta property=\"og:type\" content=\"article\" \/>\n<meta property=\"og:title\" content=\"Solicita una demo - SmartPyme\" \/>\n<meta property=\"og:description\" content=\"Esta reuni\u00f3n es para conocer m\u00e1s de tu negocio y de lo que Smartpyme puede hacer por ti. Esta reuni\u00f3n durar\u00e1 15-30 minutos.\" \/>\n<meta property=\"og:url\" content=\"https:\/\/www.smartpyme.app\/en\/solicita-una-demo\/\" \/>\n<meta property=\"og:site_name\" content=\"SmartPyme\" \/>\n<meta property=\"article:modified_time\" content=\"2024-08-14T22:47:37+00:00\" \/>\n<meta property=\"og:image\" content=\"https:\/\/www.smartpyme.app\/wp-content\/uploads\/2024\/07\/Open-Graph.webp\" \/>\n\t<meta property=\"og:image:width\" content=\"1920\" \/>\n\t<meta property=\"og:image:height\" content=\"1008\" \/>\n\t<meta property=\"og:image:type\" content=\"image\/webp\" \/>\n<meta name=\"twitter:card\" content=\"summary_large_image\" \/>\n<script type=\"application\/ld+json\" class=\"yoast-schema-graph\">{\"@context\":\"https:\/\/schema.org\",\"@graph\":[{\"@type\":\"WebPage\",\"@id\":\"https:\/\/www.smartpyme.app\/solicita-una-demo\/\",\"url\":\"https:\/\/www.smartpyme.app\/solicita-una-demo\/\",\"name\":\"Solicita una demo - SmartPyme\",\"isPartOf\":{\"@id\":\"https:\/\/www.smartpyme.app\/#website\"},\"datePublished\":\"2024-04-09T16:00:33+00:00\",\"dateModified\":\"2024-08-14T22:47:37+00:00\",\"description\":\"Esta reuni\u00f3n es para conocer m\u00e1s de tu negocio y de lo que Smartpyme puede hacer por ti. Esta reuni\u00f3n durar\u00e1 15-30 minutos.\",\"breadcrumb\":{\"@id\":\"https:\/\/www.smartpyme.app\/solicita-una-demo\/#breadcrumb\"},\"inLanguage\":\"en-US\",\"potentialAction\":[{\"@type\":\"ReadAction\",\"target\":[\"https:\/\/www.smartpyme.app\/solicita-una-demo\/\"]}]},{\"@type\":\"BreadcrumbList\",\"@id\":\"https:\/\/www.smartpyme.app\/solicita-una-demo\/#breadcrumb\",\"itemListElement\":[{\"@type\":\"ListItem\",\"position\":1,\"name\":\"Portada\",\"item\":\"https:\/\/www.smartpyme.app\/\"},{\"@type\":\"ListItem\",\"position\":2,\"name\":\"Solicita una demo\"}]},{\"@type\":\"WebSite\",\"@id\":\"https:\/\/www.smartpyme.app\/#website\",\"url\":\"https:\/\/www.smartpyme.app\/\",\"name\":\"SmartPyme\",\"description\":\"Software de inteligencia de negocios\",\"potentialAction\":[{\"@type\":\"SearchAction\",\"target\":{\"@type\":\"EntryPoint\",\"urlTemplate\":\"https:\/\/www.smartpyme.app\/?s={search_term_string}\"},\"query-input\":\"required name=search_term_string\"}],\"inLanguage\":\"en-US\"}]}<\/script>\n<!-- \/ Yoast SEO plugin. -->","yoast_head_json":{"title":"Solicita una demo - SmartPyme","description":"Esta reuni\u00f3n es para conocer m\u00e1s de tu negocio y de lo que Smartpyme puede hacer por ti. Esta reuni\u00f3n durar\u00e1 15-30 minutos.","robots":{"index":"index","follow":"follow","max-snippet":"max-snippet:-1","max-image-preview":"max-image-preview:large","max-video-preview":"max-video-preview:-1"},"canonical":"https:\/\/www.smartpyme.app\/en\/solicita-una-demo\/","og_locale":"en_US","og_type":"article","og_title":"Solicita una demo - SmartPyme","og_description":"Esta reuni\u00f3n es para conocer m\u00e1s de tu negocio y de lo que Smartpyme puede hacer por ti. Esta reuni\u00f3n durar\u00e1 15-30 minutos.","og_url":"https:\/\/www.smartpyme.app\/en\/solicita-una-demo\/","og_site_name":"SmartPyme","article_modified_time":"2024-08-14T22:47:37+00:00","og_image":[{"width":1920,"height":1008,"url":"https:\/\/www.smartpyme.app\/wp-content\/uploads\/2024\/07\/Open-Graph.webp","type":"image\/webp"}],"twitter_card":"summary_large_image","schema":{"@context":"https:\/\/schema.org","@graph":[{"@type":"WebPage","@id":"https:\/\/www.smartpyme.app\/solicita-una-demo\/","url":"https:\/\/www.smartpyme.app\/solicita-una-demo\/","name":"Solicita una demo - SmartPyme","isPartOf":{"@id":"https:\/\/www.smartpyme.app\/#website"},"datePublished":"2024-04-09T16:00:33+00:00","dateModified":"2024-08-14T22:47:37+00:00","description":"Esta reuni\u00f3n es para conocer m\u00e1s de tu negocio y de lo que Smartpyme puede hacer por ti. Esta reuni\u00f3n durar\u00e1 15-30 minutos.","breadcrumb":{"@id":"https:\/\/www.smartpyme.app\/solicita-una-demo\/#breadcrumb"},"inLanguage":"en-US","potentialAction":[{"@type":"ReadAction","target":["https:\/\/www.smartpyme.app\/solicita-una-demo\/"]}]},{"@type":"BreadcrumbList","@id":"https:\/\/www.smartpyme.app\/solicita-una-demo\/#breadcrumb","itemListElement":[{"@type":"ListItem","position":1,"name":"Portada","item":"https:\/\/www.smartpyme.app\/"},{"@type":"ListItem","position":2,"name":"Solicita una demo"}]},{"@type":"WebSite","@id":"https:\/\/www.smartpyme.app\/#website","url":"https:\/\/www.smartpyme.app\/","name":"SmartPyme","description":"Software de inteligencia de negocios","potentialAction":[{"@type":"SearchAction","target":{"@type":"EntryPoint","urlTemplate":"https:\/\/www.smartpyme.app\/?s={search_term_string}"},"query-input":"required name=search_term_string"}],"inLanguage":"en-US"}]}},"_links":{"self":[{"href":"https:\/\/www.smartpyme.app\/en\/wp-json\/wp\/v2\/pages\/704","targetHints":{"allow":["GET"]}}],"collection":[{"href":"https:\/\/www.smartpyme.app\/en\/wp-json\/wp\/v2\/pages"}],"about":[{"href":"https:\/\/www.smartpyme.app\/en\/wp-json\/wp\/v2\/types\/page"}],"author":[{"embeddable":true,"href":"https:\/\/www.smartpyme.app\/en\/wp-json\/wp\/v2\/users\/4"}],"replies":[{"embeddable":true,"href":"https:\/\/www.smartpyme.app\/en\/wp-json\/wp\/v2\/comments?post=704"}],"version-history":[{"count":0,"href":"https:\/\/www.smartpyme.app\/en\/wp-json\/wp\/v2\/pages\/704\/revisions"}],"wp:attachment":[{"href":"https:\/\/www.smartpyme.app\/en\/wp-json\/wp\/v2\/media?parent=704"}],"curies":[{"name":"wp","href":"https:\/\/api.w.org\/{rel}","templated":true}]}}